{"id":1285,"date":"2023-10-06T04:06:59","date_gmt":"2023-10-06T04:06:59","guid":{"rendered":"https:\/\/halanfeed.com\/?post_type=product&#038;p=1285"},"modified":"2023-10-09T06:07:09","modified_gmt":"2023-10-09T06:07:09","slug":"thuc-an-hon-hop-cho-lon-tu-tap-an-15kg-l01","status":"publish","type":"product","link":"https:\/\/halanfeed.com\/index.php\/product\/thuc-an-hon-hop-cho-lon-tu-tap-an-15kg-l01\/","title":{"rendered":"Th\u1ee9c \u0103n h\u1ed7n h\u1ee3p cho l\u1ee3n t\u1eeb t\u1eadp \u0103n &#8211; 15kg L01"},"content":{"rendered":"<p><strong>Th\u00e0nh ph\u1ea7n nguy\u00ean li\u1ec7u :<\/strong><\/p>\n<ul>\n<li>Ng\u00f4, s\u1eafn c\u00e1m g\u1ea1o , t\u1ea5m g\u1ea1o ,l\u00faa m\u1ef3 c\u00e1c lo\u1ea1i kh\u00f4 d\u1ea7u, kh\u00f4 \u0111\u1eadu, t\u01b0\u01a1ng l\u00ean men, b\u1ed9t c\u00e1, b\u1ed9t th\u1ecbt, c\u00e1c axit amin, c\u00e1c lo\u1ea1i premix, vitamin, kho\u00e1ng vi l\u01b0\u1ee3ng, kho\u00e1ng \u0111a l\u01b0\u1ee3ng, c\u00e1c ch\u1ea5t ph\u1ee5 gia<\/li>\n<\/ul>\n<p><strong>H\u01b0\u1edbng d\u1eabn s\u1eed d\u1ee5ng<\/strong><\/p>\n<ul>\n<li>Th\u1ee9c \u0103n h\u1ed7n h\u1ee3p \u0111\u1ee7 ch\u1ea5t dinh d\u01b0\u1ee1ng kh\u00f4ng c\u1ea7n ph\u1ed1i tr\u1ed9n c\u00e1c nguy\u00ean li\u1ec7u kh\u00e1c.<\/li>\n<li>Cho v\u1eadt nu\u00f4i \u0103n t\u1ef1 do, cung c\u1ea5p \u0111\u1ea7y \u0111\u1ee7 n\u01b0\u1edbc u\u1ed1ng s\u1ea1ch.<\/li>\n<li>M\u00e0u s\u0103c, m\u00f9i v\u1ecb thay \u0111\u1ed5i kh\u00f4ng l\u00e0m \u1ea3nh h\u01b0\u1edfng t\u1edbi ch\u1ea5t l\u01b0\u1ee3ng s\u1ea3n ph\u1ea9m<\/li>\n<\/ul>\n","protected":false},"excerpt":{"rendered":"<p>Th\u00e0nh ph\u1ea7n nguy\u00ean li\u1ec7u : Ng\u00f4, s\u1eafn c\u00e1m g\u1ea1o , t\u1ea5m g\u1ea1o ,l\u00faa m\u1ef3 c\u00e1c lo\u1ea1i kh\u00f4 d\u1ea7u, kh\u00f4 \u0111\u1eadu, t\u01b0\u01a1ng l\u00ean men, b\u1ed9t c\u00e1, b\u1ed9t th\u1ecbt, c\u00e1c axit amin, c\u00e1c lo\u1ea1i premix, vitamin, kho\u00e1ng vi l\u01b0\u1ee3ng, kho\u00e1ng \u0111a l\u01b0\u1ee3ng, c\u00e1c ch\u1ea5t ph\u1ee5 gia H\u01b0\u1edbng d\u1eabn s\u1eed d\u1ee5ng Th\u1ee9c \u0103n h\u1ed7n h\u1ee3p \u0111\u1ee7 ch\u1ea5t dinh [&hellip;]<\/p>\n","protected":false},"featured_media":1388,"template":"","meta":{"_acf_changed":false},"product_cat":[81,78],"product_tag":[],"acf":[],"_links":{"self":[{"href":"https:\/\/halanfeed.com\/index.php\/wp-json\/wp\/v2\/product\/1285"}],"collection":[{"href":"https:\/\/halanfeed.com\/index.php\/wp-json\/wp\/v2\/product"}],"about":[{"href":"https:\/\/halanfeed.com\/index.php\/wp-json\/wp\/v2\/types\/product"}],"version-history":[{"count":0,"href":"https:\/\/halanfeed.com\/index.php\/wp-json\/wp\/v2\/product\/1285\/revisions"}],"wp:featuredmedia":[{"embeddable":true,"href":"https:\/\/halanfeed.com\/index.php\/wp-json\/wp\/v2\/media\/1388"}],"wp:attachment":[{"href":"https:\/\/halanfeed.com\/index.php\/wp-json\/wp\/v2\/media?parent=1285"}],"wp:term":[{"taxonomy":"product_cat","embeddable":true,"href":"https:\/\/halanfeed.com\/index.php\/wp-json\/wp\/v2\/product_cat?post=1285"},{"taxonomy":"product_tag","embeddable":true,"href":"https:\/\/halanfeed.com\/index.php\/wp-json\/wp\/v2\/product_tag?post=1285"}],"curies":[{"name":"wp","href":"https:\/\/api.w.org\/{rel}","templated":true}]}}